{"id":433,"date":"2025-09-12T14:09:56","date_gmt":"2025-09-12T12:09:56","guid":{"rendered":"https:\/\/vekagesta.fekabasiswebsites.nl\/materialen\/"},"modified":"2025-10-06T11:32:10","modified_gmt":"2025-10-06T09:32:10","slug":"werkstoffe","status":"publish","type":"page","link":"https:\/\/vekagesta.com\/de\/werkstoffe\/","title":{"rendered":"Werkstoffe"},"content":{"rendered":"","protected":false},"excerpt":{"rendered":"","protected":false},"author":1,"featured_media":0,"parent":0,"menu_order":0,"comment_status":"closed","ping_status":"closed","template":"","meta":{"_acf_changed":false,"inline_featured_image":false,"footnotes":""},"class_list":["post-433","page","type-page","status-publish","hentry"],"acf":[],"yoast_head":"<!-- This site is optimized with the Yoast SEO plugin v27.4 - https:\/\/yoast.com\/product\/yoast-seo-wordpress\/ -->\n<title>Werkstoffe - Vekagesta<\/title>\n<meta name=\"description\" content=\"Materialien eines f\u00fchrenden Metallproduzenten. Von Stahl bis Aluminium: langlebig, zuverl\u00e4ssig und ma\u00dfgeschneidert f\u00fcr jede Branche\" \/>\n<meta name=\"robots\" content=\"index, follow, max-snippet:-1, max-image-preview:large, max-video-preview:-1\" \/>\n<link rel=\"canonical\" href=\"https:\/\/vekagesta.com\/de\/werkstoffe\/\" \/>\n<meta property=\"og:locale\" content=\"de_DE\" \/>\n<meta property=\"og:type\" content=\"article\" \/>\n<meta property=\"og:title\" content=\"Werkstoffe - Vekagesta\" \/>\n<meta property=\"og:description\" content=\"Materialien eines f\u00fchrenden Metallproduzenten. Von Stahl bis Aluminium: langlebig, zuverl\u00e4ssig und ma\u00dfgeschneidert f\u00fcr jede Branche\" \/>\n<meta property=\"og:url\" content=\"https:\/\/vekagesta.com\/de\/werkstoffe\/\" \/>\n<meta property=\"og:site_name\" content=\"Vekagesta\" \/>\n<meta property=\"article:modified_time\" content=\"2025-10-06T09:32:10+00:00\" \/>\n<meta name=\"twitter:card\" content=\"summary_large_image\" \/>\n<script type=\"application\/ld+json\" class=\"yoast-schema-graph\">{\"@context\":\"https:\\\/\\\/schema.org\",\"@graph\":[{\"@type\":\"WebPage\",\"@id\":\"https:\\\/\\\/vekagesta.com\\\/de\\\/werkstoffe\\\/\",\"url\":\"https:\\\/\\\/vekagesta.com\\\/de\\\/werkstoffe\\\/\",\"name\":\"Werkstoffe - Vekagesta\",\"isPartOf\":{\"@id\":\"https:\\\/\\\/vekagesta.com\\\/de\\\/#website\"},\"datePublished\":\"2025-09-12T12:09:56+00:00\",\"dateModified\":\"2025-10-06T09:32:10+00:00\",\"description\":\"Materialien eines f\u00fchrenden Metallproduzenten. Von Stahl bis Aluminium: langlebig, zuverl\u00e4ssig und ma\u00dfgeschneidert f\u00fcr jede Branche\",\"breadcrumb\":{\"@id\":\"https:\\\/\\\/vekagesta.com\\\/de\\\/werkstoffe\\\/#breadcrumb\"},\"inLanguage\":\"de\",\"potentialAction\":[{\"@type\":\"ReadAction\",\"target\":[\"https:\\\/\\\/vekagesta.com\\\/de\\\/werkstoffe\\\/\"]}]},{\"@type\":\"BreadcrumbList\",\"@id\":\"https:\\\/\\\/vekagesta.com\\\/de\\\/werkstoffe\\\/#breadcrumb\",\"itemListElement\":[{\"@type\":\"ListItem\",\"position\":1,\"name\":\"Home\",\"item\":\"https:\\\/\\\/vekagesta.com\\\/de\\\/\"},{\"@type\":\"ListItem\",\"position\":2,\"name\":\"Werkstoffe\"}]},{\"@type\":\"WebSite\",\"@id\":\"https:\\\/\\\/vekagesta.com\\\/de\\\/#website\",\"url\":\"https:\\\/\\\/vekagesta.com\\\/de\\\/\",\"name\":\"Vekagesta\",\"description\":\"\",\"publisher\":{\"@id\":\"https:\\\/\\\/vekagesta.com\\\/de\\\/#organization\"},\"potentialAction\":[{\"@type\":\"SearchAction\",\"target\":{\"@type\":\"EntryPoint\",\"urlTemplate\":\"https:\\\/\\\/vekagesta.com\\\/de\\\/?s={search_term_string}\"},\"query-input\":{\"@type\":\"PropertyValueSpecification\",\"valueRequired\":true,\"valueName\":\"search_term_string\"}}],\"inLanguage\":\"de\"},{\"@type\":\"Organization\",\"@id\":\"https:\\\/\\\/vekagesta.com\\\/de\\\/#organization\",\"name\":\"Vekagesta\",\"url\":\"https:\\\/\\\/vekagesta.com\\\/de\\\/\",\"logo\":{\"@type\":\"ImageObject\",\"inLanguage\":\"de\",\"@id\":\"https:\\\/\\\/vekagesta.com\\\/de\\\/#\\\/schema\\\/logo\\\/image\\\/\",\"url\":\"https:\\\/\\\/vekagesta.com\\\/wp-content\\\/uploads\\\/sites\\\/63\\\/2025\\\/09\\\/header_logo_lrg_2x.png\",\"contentUrl\":\"https:\\\/\\\/vekagesta.com\\\/wp-content\\\/uploads\\\/sites\\\/63\\\/2025\\\/09\\\/header_logo_lrg_2x.png\",\"width\":991,\"height\":244,\"caption\":\"Vekagesta\"},\"image\":{\"@id\":\"https:\\\/\\\/vekagesta.com\\\/de\\\/#\\\/schema\\\/logo\\\/image\\\/\"}}]}<\/script>\n<!-- \/ Yoast SEO plugin. -->","yoast_head_json":{"title":"Werkstoffe - Vekagesta","description":"Materialien eines f\u00fchrenden Metallproduzenten. Von Stahl bis Aluminium: langlebig, zuverl\u00e4ssig und ma\u00dfgeschneidert f\u00fcr jede Branche","robots":{"index":"index","follow":"follow","max-snippet":"max-snippet:-1","max-image-preview":"max-image-preview:large","max-video-preview":"max-video-preview:-1"},"canonical":"https:\/\/vekagesta.com\/de\/werkstoffe\/","og_locale":"de_DE","og_type":"article","og_title":"Werkstoffe - Vekagesta","og_description":"Materialien eines f\u00fchrenden Metallproduzenten. Von Stahl bis Aluminium: langlebig, zuverl\u00e4ssig und ma\u00dfgeschneidert f\u00fcr jede Branche","og_url":"https:\/\/vekagesta.com\/de\/werkstoffe\/","og_site_name":"Vekagesta","article_modified_time":"2025-10-06T09:32:10+00:00","twitter_card":"summary_large_image","schema":{"@context":"https:\/\/schema.org","@graph":[{"@type":"WebPage","@id":"https:\/\/vekagesta.com\/de\/werkstoffe\/","url":"https:\/\/vekagesta.com\/de\/werkstoffe\/","name":"Werkstoffe - Vekagesta","isPartOf":{"@id":"https:\/\/vekagesta.com\/de\/#website"},"datePublished":"2025-09-12T12:09:56+00:00","dateModified":"2025-10-06T09:32:10+00:00","description":"Materialien eines f\u00fchrenden Metallproduzenten. Von Stahl bis Aluminium: langlebig, zuverl\u00e4ssig und ma\u00dfgeschneidert f\u00fcr jede Branche","breadcrumb":{"@id":"https:\/\/vekagesta.com\/de\/werkstoffe\/#breadcrumb"},"inLanguage":"de","potentialAction":[{"@type":"ReadAction","target":["https:\/\/vekagesta.com\/de\/werkstoffe\/"]}]},{"@type":"BreadcrumbList","@id":"https:\/\/vekagesta.com\/de\/werkstoffe\/#breadcrumb","itemListElement":[{"@type":"ListItem","position":1,"name":"Home","item":"https:\/\/vekagesta.com\/de\/"},{"@type":"ListItem","position":2,"name":"Werkstoffe"}]},{"@type":"WebSite","@id":"https:\/\/vekagesta.com\/de\/#website","url":"https:\/\/vekagesta.com\/de\/","name":"Vekagesta","description":"","publisher":{"@id":"https:\/\/vekagesta.com\/de\/#organization"},"potentialAction":[{"@type":"SearchAction","target":{"@type":"EntryPoint","urlTemplate":"https:\/\/vekagesta.com\/de\/?s={search_term_string}"},"query-input":{"@type":"PropertyValueSpecification","valueRequired":true,"valueName":"search_term_string"}}],"inLanguage":"de"},{"@type":"Organization","@id":"https:\/\/vekagesta.com\/de\/#organization","name":"Vekagesta","url":"https:\/\/vekagesta.com\/de\/","logo":{"@type":"ImageObject","inLanguage":"de","@id":"https:\/\/vekagesta.com\/de\/#\/schema\/logo\/image\/","url":"https:\/\/vekagesta.com\/wp-content\/uploads\/sites\/63\/2025\/09\/header_logo_lrg_2x.png","contentUrl":"https:\/\/vekagesta.com\/wp-content\/uploads\/sites\/63\/2025\/09\/header_logo_lrg_2x.png","width":991,"height":244,"caption":"Vekagesta"},"image":{"@id":"https:\/\/vekagesta.com\/de\/#\/schema\/logo\/image\/"}}]}},"_links":{"self":[{"href":"https:\/\/vekagesta.com\/de\/wp-json\/wp\/v2\/pages\/433","targetHints":{"allow":["GET"]}}],"collection":[{"href":"https:\/\/vekagesta.com\/de\/wp-json\/wp\/v2\/pages"}],"about":[{"href":"https:\/\/vekagesta.com\/de\/wp-json\/wp\/v2\/types\/page"}],"author":[{"embeddable":true,"href":"https:\/\/vekagesta.com\/de\/wp-json\/wp\/v2\/users\/1"}],"replies":[{"embeddable":true,"href":"https:\/\/vekagesta.com\/de\/wp-json\/wp\/v2\/comments?post=433"}],"version-history":[{"count":2,"href":"https:\/\/vekagesta.com\/de\/wp-json\/wp\/v2\/pages\/433\/revisions"}],"predecessor-version":[{"id":437,"href":"https:\/\/vekagesta.com\/de\/wp-json\/wp\/v2\/pages\/433\/revisions\/437"}],"wp:attachment":[{"href":"https:\/\/vekagesta.com\/de\/wp-json\/wp\/v2\/media?parent=433"}],"curies":[{"name":"wp","href":"https:\/\/api.w.org\/{rel}","templated":true}]}}